{"id":163,"date":"2018-04-25T09:16:16","date_gmt":"2018-04-25T09:16:16","guid":{"rendered":"http:\/\/demo.themefreesia.com\/photograph\/?page_id=8"},"modified":"2020-01-19T21:58:24","modified_gmt":"2020-01-19T21:58:24","slug":"about-us","status":"publish","type":"page","link":"https:\/\/rossbmedia.com\/?page_id=163","title":{"rendered":"Informaci\u00f3n y contacto"},"content":{"rendered":"<p>Rossana Brice\u00f1o es una fotogr\u00e1fica y vide\u00f3grafa con enfoque en la videograf\u00eda m\u00e9dica y los retratos.<\/p>\n<p>Entrenada como fot\u00f3grafa en Chav\u00f3n Santo Doming; Rossana ha trabajado y adquirido su experiencia trabajando con renombrados doctores, personalidades y marcas.<\/p>\n<p><strong>Servicios:<\/strong><\/p>\n<p>\u2022 Fotograf\u00eda M\u00e9dica<br>\n\u2022 Retratos<br>\n\u2022 Gastronom\u00eda<br>\n\u2022 Product Shot<br>\n\u2022 Drone Photography<br>\n\u2022 Fotograf\u00eda Arquitect\u00f3nica<\/p>\n\n\n<p>Rossana siente especial pasi\u00f3n por la imagen en movimiento de procesos m\u00e9dicos y quir\u00fargicos; aprendiendo y mejorando su t\u00e9cnica cada vez m\u00e1s.<\/p>\n\n\n<p>Para m\u00e1s informaci\u00f3n y cotizaciones:<\/p>\n<p>(809) 875-1742<br>\n<a href=\"mailto:info@inlinkrd.com\">info@inklinkrd.com<\/a><\/p>","protected":false},"excerpt":{"rendered":"<p>Rossana Brice\u00f1o es una fotogr\u00e1fica y vide\u00f3grafa con enfoque en la videograf\u00eda m\u00e9dica y los retratos. Entrenada como fot\u00f3grafa en Chav\u00f3n Santo Doming; Rossana ha&hellip; <\/p>\n","protected":false},"author":1,"featured_media":280,"parent":0,"menu_order":0,"comment_status":"closed","ping_status":"closed","template":"page-templates\/aboutus-template.php","meta":{"nf_dc_page":"","om_disable_all_campaigns":false,"_monsterinsights_skip_tracking":false,"_monsterinsights_sitenote_active":false,"_monsterinsights_sitenote_note":"","_monsterinsights_sitenote_category":0,"footnotes":""},"class_list":["post-163","page","type-page","status-publish","has-post-thumbnail","hentry"],"jetpack_sharing_enabled":true,"_links":{"self":[{"href":"https:\/\/rossbmedia.com\/index.php?rest_route=\/wp\/v2\/pages\/163","targetHints":{"allow":["GET"]}}],"collection":[{"href":"https:\/\/rossbmedia.com\/index.php?rest_route=\/wp\/v2\/pages"}],"about":[{"href":"https:\/\/rossbmedia.com\/index.php?rest_route=\/wp\/v2\/types\/page"}],"author":[{"embeddable":true,"href":"https:\/\/rossbmedia.com\/index.php?rest_route=\/wp\/v2\/users\/1"}],"replies":[{"embeddable":true,"href":"https:\/\/rossbmedia.com\/index.php?rest_route=%2Fwp%2Fv2%2Fcomments&post=163"}],"version-history":[{"count":3,"href":"https:\/\/rossbmedia.com\/index.php?rest_route=\/wp\/v2\/pages\/163\/revisions"}],"predecessor-version":[{"id":294,"href":"https:\/\/rossbmedia.com\/index.php?rest_route=\/wp\/v2\/pages\/163\/revisions\/294"}],"wp:featuredmedia":[{"embeddable":true,"href":"https:\/\/rossbmedia.com\/index.php?rest_route=\/wp\/v2\/media\/280"}],"wp:attachment":[{"href":"https:\/\/rossbmedia.com\/index.php?rest_route=%2Fwp%2Fv2%2Fmedia&parent=163"}],"curies":[{"name":"wp","href":"https:\/\/api.w.org\/{rel}","templated":true}]}}